{"id":1735,"date":"2026-01-16T12:40:50","date_gmt":"2026-01-16T11:40:50","guid":{"rendered":"https:\/\/arcad-studio.com\/news\/"},"modified":"2026-03-27T10:50:19","modified_gmt":"2026-03-27T09:50:19","slug":"news","status":"publish","type":"page","link":"https:\/\/arcad-studio.com\/en\/news\/","title":{"rendered":"News"},"content":{"rendered":"\t\t<div data-elementor-type=\"wp-page\" data-elementor-id=\"1735\" class=\"elementor elementor-1735 elementor-598\" data-elementor-post-type=\"page\">\n\t\t\t\t<div class=\"elementor-element elementor-element-6a45777 e-flex e-con-boxed e-con e-parent\" data-id=\"6a45777\" data-element_type=\"container\" data-e-type=\"container\" data-settings=\"{&quot;background_background&quot;:&quot;slideshow&quot;,&quot;background_slideshow_gallery&quot;:[{&quot;id&quot;:1736,&quot;url&quot;:&quot;https:\\\/\\\/arcad-studio.com\\\/wp-content\\\/uploads\\\/2026\\\/03\\\/Appartement-Lamartine-Aracd-Studio-10-scaled.jpeg&quot;},{&quot;id&quot;:1737,&quot;url&quot;:&quot;https:\\\/\\\/arcad-studio.com\\\/wp-content\\\/uploads\\\/2026\\\/01\\\/Villa-1946-3-scaled.jpeg&quot;},{&quot;id&quot;:1738,&quot;url&quot;:&quot;https:\\\/\\\/arcad-studio.com\\\/wp-content\\\/uploads\\\/2026\\\/01\\\/Villa-1946-4-scaled.jpg&quot;},{&quot;id&quot;:1739,&quot;url&quot;:&quot;https:\\\/\\\/arcad-studio.com\\\/wp-content\\\/uploads\\\/2026\\\/03\\\/La-Grange-de-Bellevarde.jpg&quot;}],&quot;background_slideshow_slide_duration&quot;:2000,&quot;background_slideshow_transition_duration&quot;:1000,&quot;background_slideshow_ken_burns&quot;:&quot;yes&quot;,&quot;shape_divider_bottom&quot;:&quot;waves&quot;,&quot;background_slideshow_loop&quot;:&quot;yes&quot;,&quot;background_slideshow_slide_transition&quot;:&quot;fade&quot;,&quot;background_slideshow_ken_burns_zoom_direction&quot;:&quot;in&quot;}\">\n\t\t\t\t\t<div class=\"e-con-inner\">\n\t\t\t\t<div class=\"elementor-shape elementor-shape-bottom\" aria-hidden=\"true\" data-negative=\"false\">\n\t\t\t<svg xmlns=\"http:\/\/www.w3.org\/2000\/svg\" viewBox=\"0 0 1000 100\" preserveAspectRatio=\"none\">\n\t<path class=\"elementor-shape-fill\" d=\"M421.9,6.5c22.6-2.5,51.5,0.4,75.5,5.3c23.6,4.9,70.9,23.5,100.5,35.7c75.8,32.2,133.7,44.5,192.6,49.7\n\tc23.6,2.1,48.7,3.5,103.4-2.5c54.7-6,106.2-25.6,106.2-25.6V0H0v30.3c0,0,72,32.6,158.4,30.5c39.2-0.7,92.8-6.7,134-22.4\n\tc21.2-8.1,52.2-18.2,79.7-24.2C399.3,7.9,411.6,7.5,421.9,6.5z\"\/>\n<\/svg>\t\t<\/div>\n\t\t\t\t<div class=\"elementor-element elementor-element-0c79189 elementor-invisible elementor-widget elementor-widget-heading\" data-id=\"0c79189\" data-element_type=\"widget\" data-e-type=\"widget\" data-settings=\"{&quot;_animation&quot;:&quot;fadeInUp&quot;}\" data-widget_type=\"heading.default\">\n\t\t\t\t\t<h6 class=\"elementor-heading-title elementor-size-default\">Arcad Studio Sallanches<\/h6>\t\t\t\t<\/div>\n\t\t\t\t<div class=\"elementor-element elementor-element-009baab elementor-invisible elementor-widget elementor-widget-heading\" data-id=\"009baab\" data-element_type=\"widget\" data-e-type=\"widget\" data-settings=\"{&quot;_animation&quot;:&quot;fadeInUp&quot;}\" data-widget_type=\"heading.default\">\n\t\t\t\t\t<h1 class=\"elementor-heading-title elementor-size-default\">News<\/h1>\t\t\t\t<\/div>\n\t\t\t\t\t<\/div>\n\t\t\t\t<\/div>\n\t\t<div class=\"elementor-element elementor-element-cefa591 e-flex e-con-boxed e-con e-parent\" data-id=\"cefa591\" data-element_type=\"container\" data-e-type=\"container\">\n\t\t\t\t\t<div class=\"e-con-inner\">\n\t\t\t\t<div class=\"elementor-element elementor-element-3a4a625 elementor-widget elementor-widget-shortcode\" data-id=\"3a4a625\" data-element_type=\"widget\" data-e-type=\"widget\" data-widget_type=\"shortcode.default\">\n\t\t\t\t\t\t\t<div class=\"elementor-shortcode\">\n<div id=\"sb_instagram\"  class=\"sbi sbi_mob_col_1 sbi_tab_col_2 sbi_col_3 sbi_width_resp\" style=\"padding-bottom: 2px;\"\t data-feedid=\"*1\"  data-res=\"full\" data-cols=\"3\" data-colsmobile=\"1\" data-colstablet=\"2\" data-num=\"20\" data-nummobile=\"20\" data-item-padding=\"1\"\t data-shortcode-atts=\"{&quot;feed&quot;:&quot;1&quot;}\"  data-postid=\"1735\" data-locatornonce=\"c8a2221877\" data-imageaspectratio=\"3:4\" data-sbi-flags=\"favorLocal\">\n\t\n\t<div id=\"sbi_images\"  style=\"gap: 2px;\">\n\t\t<div class=\"sbi_item sbi_type_video sbi_new sbi_transition\"\n\tid=\"sbi_18080678510055512\" data-date=\"1759933658\">\n\t<div class=\"sbi_photo_wrap\">\n\t\t<a class=\"sbi_photo\" href=\"https:\/\/www.instagram.com\/reel\/DPjSXhnjJSa\/\" target=\"_blank\" rel=\"noopener nofollow\"\n\t\t\tdata-full-res=\"https:\/\/scontent-cdg4-1.cdninstagram.com\/v\/t51.71878-15\/561205895_1610575713238377_2272623525005462306_n.jpg?stp=dst-jpg_e35_tt6&#038;_nc_cat=110&#038;ccb=7-5&#038;_nc_sid=18de74&#038;efg=eyJlZmdfdGFnIjoiQ0xJUFMuYmVzdF9pbWFnZV91cmxnZW4uQzMifQ%3D%3D&#038;_nc_ohc=T5bz7IhsvyYQ7kNvwGBf7zg&#038;_nc_oc=AdoyD44YRaZNUa40_D8RuIaJQgM2Q0ZNHnIk-hEkCtP1Wl7-97-VBXxBAZBPCFzhvbY&#038;_nc_zt=23&#038;_nc_ht=scontent-cdg4-1.cdninstagram.com&#038;edm=ANo9K5cEAAAA&#038;_nc_gid=UNdfP3RZQt4cjaDd-ZNAWQ&#038;_nc_tpa=Q5bMBQFPcH6Vs-FY266KZNbeAGumf6za8BvkkO6XK3b_ccdvVGqUz2qdE4bHJrvZLCI_i9L8ROT1pY2QQg&#038;oh=00_Af3fL_gK5e3lrhJDGcsWfIcTcKxcXU3SFh0YvmAyIOeoaA&#038;oe=69F7D58B\"\n\t\t\tdata-img-src-set=\"{&quot;d&quot;:&quot;https:\\\/\\\/scontent-cdg4-1.cdninstagram.com\\\/v\\\/t51.71878-15\\\/561205895_1610575713238377_2272623525005462306_n.jpg?stp=dst-jpg_e35_tt6&amp;_nc_cat=110&amp;ccb=7-5&amp;_nc_sid=18de74&amp;efg=eyJlZmdfdGFnIjoiQ0xJUFMuYmVzdF9pbWFnZV91cmxnZW4uQzMifQ%3D%3D&amp;_nc_ohc=T5bz7IhsvyYQ7kNvwGBf7zg&amp;_nc_oc=AdoyD44YRaZNUa40_D8RuIaJQgM2Q0ZNHnIk-hEkCtP1Wl7-97-VBXxBAZBPCFzhvbY&amp;_nc_zt=23&amp;_nc_ht=scontent-cdg4-1.cdninstagram.com&amp;edm=ANo9K5cEAAAA&amp;_nc_gid=UNdfP3RZQt4cjaDd-ZNAWQ&amp;_nc_tpa=Q5bMBQFPcH6Vs-FY266KZNbeAGumf6za8BvkkO6XK3b_ccdvVGqUz2qdE4bHJrvZLCI_i9L8ROT1pY2QQg&amp;oh=00_Af3fL_gK5e3lrhJDGcsWfIcTcKxcXU3SFh0YvmAyIOeoaA&amp;oe=69F7D58B&quot;,&quot;150&quot;:&quot;https:\\\/\\\/scontent-cdg4-1.cdninstagram.com\\\/v\\\/t51.71878-15\\\/561205895_1610575713238377_2272623525005462306_n.jpg?stp=dst-jpg_e35_tt6&amp;_nc_cat=110&amp;ccb=7-5&amp;_nc_sid=18de74&amp;efg=eyJlZmdfdGFnIjoiQ0xJUFMuYmVzdF9pbWFnZV91cmxnZW4uQzMifQ%3D%3D&amp;_nc_ohc=T5bz7IhsvyYQ7kNvwGBf7zg&amp;_nc_oc=AdoyD44YRaZNUa40_D8RuIaJQgM2Q0ZNHnIk-hEkCtP1Wl7-97-VBXxBAZBPCFzhvbY&amp;_nc_zt=23&amp;_nc_ht=scontent-cdg4-1.cdninstagram.com&amp;edm=ANo9K5cEAAAA&amp;_nc_gid=UNdfP3RZQt4cjaDd-ZNAWQ&amp;_nc_tpa=Q5bMBQFPcH6Vs-FY266KZNbeAGumf6za8BvkkO6XK3b_ccdvVGqUz2qdE4bHJrvZLCI_i9L8ROT1pY2QQg&amp;oh=00_Af3fL_gK5e3lrhJDGcsWfIcTcKxcXU3SFh0YvmAyIOeoaA&amp;oe=69F7D58B&quot;,&quot;320&quot;:&quot;https:\\\/\\\/arcad-studio.com\\\/wp-content\\\/uploads\\\/sb-instagram-feed-images\\\/561205895_1610575713238377_2272623525005462306_nlow.webp&quot;,&quot;640&quot;:&quot;https:\\\/\\\/arcad-studio.com\\\/wp-content\\\/uploads\\\/sb-instagram-feed-images\\\/561205895_1610575713238377_2272623525005462306_nfull.webp&quot;}\">\n\t\t\t<span class=\"sbi-screenreader\">Travail artisanal du bois, chanfreinage a la hache<\/span>\n\t\t\t\t\t\t<svg style=\"color: rgba(255,255,255,1)\" class=\"svg-inline--fa fa-play fa-w-14 sbi_playbtn\" aria-label=\"Play\" aria-hidden=\"true\" data-fa-processed=\"\" data-prefix=\"fa\" data-icon=\"play\" role=\"presentation\" xmlns=\"http:\/\/www.w3.org\/2000\/svg\" viewBox=\"0 0 448 512\"><path fill=\"currentColor\" d=\"M424.4 214.7L72.4 6.6C43.8-10.3 0 6.1 0 47.9V464c0 37.5 40.7 60.1 72.4 41.3l352-208c31.4-18.5 31.5-64.1 0-82.6z\"><\/path><\/svg>\t\t\t<img decoding=\"async\" src=\"https:\/\/arcad-studio.com\/wp-content\/plugins\/instagram-feed\/img\/placeholder.png\" alt=\"Travail artisanal du bois, chanfreinage a la hache pour un aspect rustique des planches de m\u00e9l\u00e8ze puis application d\u2019une lasure teint\u00e9e pour une meilleure protection et un rendu authentique, fid\u00e8le \u00e0 l\u2019#architecture locale et originelle des #alpes.\" aria-hidden=\"true\">\n\t\t<\/a>\n\t<\/div>\n<\/div><div class=\"sbi_item sbi_type_video sbi_new sbi_transition\"\n\tid=\"sbi_18063164131893778\" data-date=\"1747327114\">\n\t<div class=\"sbi_photo_wrap\">\n\t\t<a class=\"sbi_photo\" href=\"https:\/\/www.instagram.com\/reel\/DJrlqslt5B3\/\" target=\"_blank\" rel=\"noopener nofollow\"\n\t\t\tdata-full-res=\"https:\/\/scontent-cdg4-1.cdninstagram.com\/v\/t51.71878-15\/497732535_678109618183408_4239754856720319512_n.jpg?stp=dst-jpg_e35_tt6&#038;_nc_cat=110&#038;ccb=7-5&#038;_nc_sid=18de74&#038;efg=eyJlZmdfdGFnIjoiQ0xJUFMuYmVzdF9pbWFnZV91cmxnZW4uQzMifQ%3D%3D&#038;_nc_ohc=JbfdN2BbvPAQ7kNvwGmu87I&#038;_nc_oc=AdpvLG2-g55VawTU_yhjK6lZNE8IhRn9xMWuV5Xwn8XfqwlDfH6g4EC94NjcRPp6gy0&#038;_nc_zt=23&#038;_nc_ht=scontent-cdg4-1.cdninstagram.com&#038;edm=ANo9K5cEAAAA&#038;_nc_gid=UNdfP3RZQt4cjaDd-ZNAWQ&#038;_nc_tpa=Q5bMBQEL1PGlNumQtbTbb91hfz17VtDyFOX3H3apyUG93fGM65YMcXFDoUhNfcqsQk86HhNSp-MqYu-7IA&#038;oh=00_Af3luuYFZAnX_EVJ2Mdpf3R3BmMfudFL78dFOYfrOk7cjA&#038;oe=69F7B093\"\n\t\t\tdata-img-src-set=\"{&quot;d&quot;:&quot;https:\\\/\\\/scontent-cdg4-1.cdninstagram.com\\\/v\\\/t51.71878-15\\\/497732535_678109618183408_4239754856720319512_n.jpg?stp=dst-jpg_e35_tt6&amp;_nc_cat=110&amp;ccb=7-5&amp;_nc_sid=18de74&amp;efg=eyJlZmdfdGFnIjoiQ0xJUFMuYmVzdF9pbWFnZV91cmxnZW4uQzMifQ%3D%3D&amp;_nc_ohc=JbfdN2BbvPAQ7kNvwGmu87I&amp;_nc_oc=AdpvLG2-g55VawTU_yhjK6lZNE8IhRn9xMWuV5Xwn8XfqwlDfH6g4EC94NjcRPp6gy0&amp;_nc_zt=23&amp;_nc_ht=scontent-cdg4-1.cdninstagram.com&amp;edm=ANo9K5cEAAAA&amp;_nc_gid=UNdfP3RZQt4cjaDd-ZNAWQ&amp;_nc_tpa=Q5bMBQEL1PGlNumQtbTbb91hfz17VtDyFOX3H3apyUG93fGM65YMcXFDoUhNfcqsQk86HhNSp-MqYu-7IA&amp;oh=00_Af3luuYFZAnX_EVJ2Mdpf3R3BmMfudFL78dFOYfrOk7cjA&amp;oe=69F7B093&quot;,&quot;150&quot;:&quot;https:\\\/\\\/scontent-cdg4-1.cdninstagram.com\\\/v\\\/t51.71878-15\\\/497732535_678109618183408_4239754856720319512_n.jpg?stp=dst-jpg_e35_tt6&amp;_nc_cat=110&amp;ccb=7-5&amp;_nc_sid=18de74&amp;efg=eyJlZmdfdGFnIjoiQ0xJUFMuYmVzdF9pbWFnZV91cmxnZW4uQzMifQ%3D%3D&amp;_nc_ohc=JbfdN2BbvPAQ7kNvwGmu87I&amp;_nc_oc=AdpvLG2-g55VawTU_yhjK6lZNE8IhRn9xMWuV5Xwn8XfqwlDfH6g4EC94NjcRPp6gy0&amp;_nc_zt=23&amp;_nc_ht=scontent-cdg4-1.cdninstagram.com&amp;edm=ANo9K5cEAAAA&amp;_nc_gid=UNdfP3RZQt4cjaDd-ZNAWQ&amp;_nc_tpa=Q5bMBQEL1PGlNumQtbTbb91hfz17VtDyFOX3H3apyUG93fGM65YMcXFDoUhNfcqsQk86HhNSp-MqYu-7IA&amp;oh=00_Af3luuYFZAnX_EVJ2Mdpf3R3BmMfudFL78dFOYfrOk7cjA&amp;oe=69F7B093&quot;,&quot;320&quot;:&quot;https:\\\/\\\/arcad-studio.com\\\/wp-content\\\/uploads\\\/sb-instagram-feed-images\\\/497732535_678109618183408_4239754856720319512_nlow.webp&quot;,&quot;640&quot;:&quot;https:\\\/\\\/arcad-studio.com\\\/wp-content\\\/uploads\\\/sb-instagram-feed-images\\\/497732535_678109618183408_4239754856720319512_nfull.webp&quot;}\">\n\t\t\t<span class=\"sbi-screenreader\">Merci \u00e0 ceux qui m\u2019ont fait confiance dans ce chou<\/span>\n\t\t\t\t\t\t<svg style=\"color: rgba(255,255,255,1)\" class=\"svg-inline--fa fa-play fa-w-14 sbi_playbtn\" aria-label=\"Play\" aria-hidden=\"true\" data-fa-processed=\"\" data-prefix=\"fa\" data-icon=\"play\" role=\"presentation\" xmlns=\"http:\/\/www.w3.org\/2000\/svg\" viewBox=\"0 0 448 512\"><path fill=\"currentColor\" d=\"M424.4 214.7L72.4 6.6C43.8-10.3 0 6.1 0 47.9V464c0 37.5 40.7 60.1 72.4 41.3l352-208c31.4-18.5 31.5-64.1 0-82.6z\"><\/path><\/svg>\t\t\t<img decoding=\"async\" src=\"https:\/\/arcad-studio.com\/wp-content\/plugins\/instagram-feed\/img\/placeholder.png\" alt=\"Merci \u00e0 ceux qui m\u2019ont fait confiance dans ce chouette projet de r\u00e9novation compl\u00e8te d\u2019appartement !\nIsolation, changement des menuiseries, requalification des espaces pour un int\u00e9rieur chaleureux et lumineux !\" aria-hidden=\"true\">\n\t\t<\/a>\n\t<\/div>\n<\/div><div class=\"sbi_item sbi_type_carousel sbi_new sbi_transition\"\n\tid=\"sbi_18121098130453921\" data-date=\"1744440182\">\n\t<div class=\"sbi_photo_wrap\">\n\t\t<a class=\"sbi_photo\" href=\"https:\/\/www.instagram.com\/p\/DIVj1dqNaX5\/\" target=\"_blank\" rel=\"noopener nofollow\"\n\t\t\tdata-full-res=\"https:\/\/scontent-cdg4-1.cdninstagram.com\/v\/t51.75761-15\/490190716_17914155246069940_4109306867790953730_n.jpg?stp=dst-jpg_e35_tt6&#038;_nc_cat=108&#038;ccb=7-5&#038;_nc_sid=18de74&#038;efg=eyJlZmdfdGFnIjoiQ0FST1VTRUxfSVRFTS5iZXN0X2ltYWdlX3VybGdlbi5DMyJ9&#038;_nc_ohc=Mf9h_a69XXgQ7kNvwEInkLr&#038;_nc_oc=Adq5N4TQcQlCXj6yNGRT_jT-Lp6pXbUoyN0X9mqRKxVyU3TR2GDhrl5_7wH34KadnB8&#038;_nc_zt=23&#038;_nc_ht=scontent-cdg4-1.cdninstagram.com&#038;edm=ANo9K5cEAAAA&#038;_nc_gid=UNdfP3RZQt4cjaDd-ZNAWQ&#038;_nc_tpa=Q5bMBQF-uLdtIAHnxxesvtN6xqwBYCG3ZiBe9bMX9mnPbTk1nwjTzBrbfhVOAJen81izLaBbC5W8xctacQ&#038;oh=00_Af0of35k6sZq2vP1GKHXaspyTGEkL9Ym7ZAmeW5uL8duwg&#038;oe=69F7B14F\"\n\t\t\tdata-img-src-set=\"{&quot;d&quot;:&quot;https:\\\/\\\/scontent-cdg4-1.cdninstagram.com\\\/v\\\/t51.75761-15\\\/490190716_17914155246069940_4109306867790953730_n.jpg?stp=dst-jpg_e35_tt6&amp;_nc_cat=108&amp;ccb=7-5&amp;_nc_sid=18de74&amp;efg=eyJlZmdfdGFnIjoiQ0FST1VTRUxfSVRFTS5iZXN0X2ltYWdlX3VybGdlbi5DMyJ9&amp;_nc_ohc=Mf9h_a69XXgQ7kNvwEInkLr&amp;_nc_oc=Adq5N4TQcQlCXj6yNGRT_jT-Lp6pXbUoyN0X9mqRKxVyU3TR2GDhrl5_7wH34KadnB8&amp;_nc_zt=23&amp;_nc_ht=scontent-cdg4-1.cdninstagram.com&amp;edm=ANo9K5cEAAAA&amp;_nc_gid=UNdfP3RZQt4cjaDd-ZNAWQ&amp;_nc_tpa=Q5bMBQF-uLdtIAHnxxesvtN6xqwBYCG3ZiBe9bMX9mnPbTk1nwjTzBrbfhVOAJen81izLaBbC5W8xctacQ&amp;oh=00_Af0of35k6sZq2vP1GKHXaspyTGEkL9Ym7ZAmeW5uL8duwg&amp;oe=69F7B14F&quot;,&quot;150&quot;:&quot;https:\\\/\\\/scontent-cdg4-1.cdninstagram.com\\\/v\\\/t51.75761-15\\\/490190716_17914155246069940_4109306867790953730_n.jpg?stp=dst-jpg_e35_tt6&amp;_nc_cat=108&amp;ccb=7-5&amp;_nc_sid=18de74&amp;efg=eyJlZmdfdGFnIjoiQ0FST1VTRUxfSVRFTS5iZXN0X2ltYWdlX3VybGdlbi5DMyJ9&amp;_nc_ohc=Mf9h_a69XXgQ7kNvwEInkLr&amp;_nc_oc=Adq5N4TQcQlCXj6yNGRT_jT-Lp6pXbUoyN0X9mqRKxVyU3TR2GDhrl5_7wH34KadnB8&amp;_nc_zt=23&amp;_nc_ht=scontent-cdg4-1.cdninstagram.com&amp;edm=ANo9K5cEAAAA&amp;_nc_gid=UNdfP3RZQt4cjaDd-ZNAWQ&amp;_nc_tpa=Q5bMBQF-uLdtIAHnxxesvtN6xqwBYCG3ZiBe9bMX9mnPbTk1nwjTzBrbfhVOAJen81izLaBbC5W8xctacQ&amp;oh=00_Af0of35k6sZq2vP1GKHXaspyTGEkL9Ym7ZAmeW5uL8duwg&amp;oe=69F7B14F&quot;,&quot;320&quot;:&quot;https:\\\/\\\/arcad-studio.com\\\/wp-content\\\/uploads\\\/sb-instagram-feed-images\\\/490190716_17914155246069940_4109306867790953730_nlow.webp&quot;,&quot;640&quot;:&quot;https:\\\/\\\/arcad-studio.com\\\/wp-content\\\/uploads\\\/sb-instagram-feed-images\\\/490190716_17914155246069940_4109306867790953730_nfull.webp&quot;}\">\n\t\t\t<span class=\"sbi-screenreader\">Appartement Seigneur\nAssemblage de mati\u00e8re \u2014 assem<\/span>\n\t\t\t<svg class=\"svg-inline--fa fa-clone fa-w-16 sbi_lightbox_carousel_icon\" aria-hidden=\"true\" aria-label=\"Clone\" data-fa-pro\u0192cessed=\"\" data-prefix=\"far\" data-icon=\"clone\" role=\"img\" xmlns=\"http:\/\/www.w3.org\/2000\/svg\" viewBox=\"0 0 512 512\">\n                    <path fill=\"currentColor\" d=\"M464 0H144c-26.51 0-48 21.49-48 48v48H48c-26.51 0-48 21.49-48 48v320c0 26.51 21.49 48 48 48h320c26.51 0 48-21.49 48-48v-48h48c26.51 0 48-21.49 48-48V48c0-26.51-21.49-48-48-48zM362 464H54a6 6 0 0 1-6-6V150a6 6 0 0 1 6-6h42v224c0 26.51 21.49 48 48 48h224v42a6 6 0 0 1-6 6zm96-96H150a6 6 0 0 1-6-6V54a6 6 0 0 1 6-6h308a6 6 0 0 1 6 6v308a6 6 0 0 1-6 6z\"><\/path>\n                <\/svg>\t\t\t\t\t\t<img decoding=\"async\" src=\"https:\/\/arcad-studio.com\/wp-content\/plugins\/instagram-feed\/img\/placeholder.png\" alt=\"Appartement Seigneur\nAssemblage de mati\u00e8re \u2014 assemblage de texture\n\nJonction bois\/pierre\nJonction c\u00e9ramique lisse\/structur\u00e9e\nJonction bois\/laiton bross\u00e9\n\nUsage de mat\u00e9riaux de teinte naturelle, pour un int\u00e9rieur chaleureux.\" aria-hidden=\"true\">\n\t\t<\/a>\n\t<\/div>\n<\/div><div class=\"sbi_item sbi_type_carousel sbi_new sbi_transition\"\n\tid=\"sbi_18050371424507516\" data-date=\"1733327236\">\n\t<div class=\"sbi_photo_wrap\">\n\t\t<a class=\"sbi_photo\" href=\"https:\/\/www.instagram.com\/p\/DDKXkuNNLPM\/\" target=\"_blank\" rel=\"noopener nofollow\"\n\t\t\tdata-full-res=\"https:\/\/scontent-cdg4-2.cdninstagram.com\/v\/t51.75761-15\/469307537_17899903890069940_8267362195862129962_n.jpg?stp=dst-jpg_e35_tt6&#038;_nc_cat=101&#038;ccb=7-5&#038;_nc_sid=18de74&#038;efg=eyJlZmdfdGFnIjoiQ0FST1VTRUxfSVRFTS5iZXN0X2ltYWdlX3VybGdlbi5DMyJ9&#038;_nc_ohc=8x2wujwjJ3MQ7kNvwFlknZw&#038;_nc_oc=Adq3Qsidd-TZQpRmeUFdisBpNc4nolyjNTz1pEyjdXUvUVxup3JSCA_eybBDceatXfM&#038;_nc_zt=23&#038;_nc_ht=scontent-cdg4-2.cdninstagram.com&#038;edm=ANo9K5cEAAAA&#038;_nc_gid=UNdfP3RZQt4cjaDd-ZNAWQ&#038;_nc_tpa=Q5bMBQHjPikEQP-tJxA8oJxViS43NbVD3ZqbT9BT-sukRdFV5nRBa9Hg-R5i1ZSiBSdSHHOMGkRH0AcLtQ&#038;oh=00_Af1a73Iky-r9_3LSoKk7LBx_XEciX5Qu0wXK-je-Ggv6xA&#038;oe=69F7BEDA\"\n\t\t\tdata-img-src-set=\"{&quot;d&quot;:&quot;https:\\\/\\\/scontent-cdg4-2.cdninstagram.com\\\/v\\\/t51.75761-15\\\/469307537_17899903890069940_8267362195862129962_n.jpg?stp=dst-jpg_e35_tt6&amp;_nc_cat=101&amp;ccb=7-5&amp;_nc_sid=18de74&amp;efg=eyJlZmdfdGFnIjoiQ0FST1VTRUxfSVRFTS5iZXN0X2ltYWdlX3VybGdlbi5DMyJ9&amp;_nc_ohc=8x2wujwjJ3MQ7kNvwFlknZw&amp;_nc_oc=Adq3Qsidd-TZQpRmeUFdisBpNc4nolyjNTz1pEyjdXUvUVxup3JSCA_eybBDceatXfM&amp;_nc_zt=23&amp;_nc_ht=scontent-cdg4-2.cdninstagram.com&amp;edm=ANo9K5cEAAAA&amp;_nc_gid=UNdfP3RZQt4cjaDd-ZNAWQ&amp;_nc_tpa=Q5bMBQHjPikEQP-tJxA8oJxViS43NbVD3ZqbT9BT-sukRdFV5nRBa9Hg-R5i1ZSiBSdSHHOMGkRH0AcLtQ&amp;oh=00_Af1a73Iky-r9_3LSoKk7LBx_XEciX5Qu0wXK-je-Ggv6xA&amp;oe=69F7BEDA&quot;,&quot;150&quot;:&quot;https:\\\/\\\/scontent-cdg4-2.cdninstagram.com\\\/v\\\/t51.75761-15\\\/469307537_17899903890069940_8267362195862129962_n.jpg?stp=dst-jpg_e35_tt6&amp;_nc_cat=101&amp;ccb=7-5&amp;_nc_sid=18de74&amp;efg=eyJlZmdfdGFnIjoiQ0FST1VTRUxfSVRFTS5iZXN0X2ltYWdlX3VybGdlbi5DMyJ9&amp;_nc_ohc=8x2wujwjJ3MQ7kNvwFlknZw&amp;_nc_oc=Adq3Qsidd-TZQpRmeUFdisBpNc4nolyjNTz1pEyjdXUvUVxup3JSCA_eybBDceatXfM&amp;_nc_zt=23&amp;_nc_ht=scontent-cdg4-2.cdninstagram.com&amp;edm=ANo9K5cEAAAA&amp;_nc_gid=UNdfP3RZQt4cjaDd-ZNAWQ&amp;_nc_tpa=Q5bMBQHjPikEQP-tJxA8oJxViS43NbVD3ZqbT9BT-sukRdFV5nRBa9Hg-R5i1ZSiBSdSHHOMGkRH0AcLtQ&amp;oh=00_Af1a73Iky-r9_3LSoKk7LBx_XEciX5Qu0wXK-je-Ggv6xA&amp;oe=69F7BEDA&quot;,&quot;320&quot;:&quot;https:\\\/\\\/arcad-studio.com\\\/wp-content\\\/uploads\\\/sb-instagram-feed-images\\\/469307537_17899903890069940_8267362195862129962_nlow.webp&quot;,&quot;640&quot;:&quot;https:\\\/\\\/arcad-studio.com\\\/wp-content\\\/uploads\\\/sb-instagram-feed-images\\\/469307537_17899903890069940_8267362195862129962_nfull.webp&quot;}\">\n\t\t\t<span class=\"sbi-screenreader\">En cours de r\u00e9ception de mon premier projet ! \nMer<\/span>\n\t\t\t<svg class=\"svg-inline--fa fa-clone fa-w-16 sbi_lightbox_carousel_icon\" aria-hidden=\"true\" aria-label=\"Clone\" data-fa-pro\u0192cessed=\"\" data-prefix=\"far\" data-icon=\"clone\" role=\"img\" xmlns=\"http:\/\/www.w3.org\/2000\/svg\" viewBox=\"0 0 512 512\">\n                    <path fill=\"currentColor\" d=\"M464 0H144c-26.51 0-48 21.49-48 48v48H48c-26.51 0-48 21.49-48 48v320c0 26.51 21.49 48 48 48h320c26.51 0 48-21.49 48-48v-48h48c26.51 0 48-21.49 48-48V48c0-26.51-21.49-48-48-48zM362 464H54a6 6 0 0 1-6-6V150a6 6 0 0 1 6-6h42v224c0 26.51 21.49 48 48 48h224v42a6 6 0 0 1-6 6zm96-96H150a6 6 0 0 1-6-6V54a6 6 0 0 1 6-6h308a6 6 0 0 1 6 6v308a6 6 0 0 1-6 6z\"><\/path>\n                <\/svg>\t\t\t\t\t\t<img decoding=\"async\" src=\"https:\/\/arcad-studio.com\/wp-content\/plugins\/instagram-feed\/img\/placeholder.png\" alt=\"En cours de r\u00e9ception de mon premier projet ! \nMerci aux clients de m\u2019avoir fait confiance, aux artisans pour leur savoir-faire et \u00e0 tous pour leur patience :)\nEn vous souhaitant de belles f\u00eates de fin d\u2019ann\u00e9e \ud83c\udf84\n\n#architect #chalet #alpes\" aria-hidden=\"true\">\n\t\t<\/a>\n\t<\/div>\n<\/div><div class=\"sbi_item sbi_type_image sbi_new sbi_transition\"\n\tid=\"sbi_17998226591386484\" data-date=\"1707085710\">\n\t<div class=\"sbi_photo_wrap\">\n\t\t<a class=\"sbi_photo\" href=\"https:\/\/www.instagram.com\/p\/C28T1VdqJ5c\/\" target=\"_blank\" rel=\"noopener nofollow\"\n\t\t\tdata-full-res=\"https:\/\/scontent-cdg4-1.cdninstagram.com\/v\/t51.82787-15\/622046489_18070106567386484_1662246384322719160_n.jpg?stp=dst-jpg_e35_tt6&#038;_nc_cat=110&#038;ccb=7-5&#038;_nc_sid=18de74&#038;efg=eyJlZmdfdGFnIjoiRkVFRC5iZXN0X2ltYWdlX3VybGdlbi5DMyJ9&#038;_nc_ohc=duTSy09cRrsQ7kNvwFbmZuP&#038;_nc_oc=AdpohY3vKSYgjaw8SaIUT00AH0swynJRhcqjHdESWM6ewYz75y6xJR1_8KHl6r80Eyc&#038;_nc_zt=23&#038;_nc_ht=scontent-cdg4-1.cdninstagram.com&#038;edm=ANo9K5cEAAAA&#038;_nc_gid=UNdfP3RZQt4cjaDd-ZNAWQ&#038;_nc_tpa=Q5bMBQFtAnajBlbEQHrKUAHu1kH5ePHCDUPz0z-DdeSsw2_N6a2q3vTtCwa6UY1oq3hWAfL67zU6uz9Xeg&#038;oh=00_Af1PKJjPyTRMfoGLOngZMeletPRHkVFrDmkoRUxPMfdKTg&#038;oe=69F7BA56\"\n\t\t\tdata-img-src-set=\"{&quot;d&quot;:&quot;https:\\\/\\\/scontent-cdg4-1.cdninstagram.com\\\/v\\\/t51.82787-15\\\/622046489_18070106567386484_1662246384322719160_n.jpg?stp=dst-jpg_e35_tt6&amp;_nc_cat=110&amp;ccb=7-5&amp;_nc_sid=18de74&amp;efg=eyJlZmdfdGFnIjoiRkVFRC5iZXN0X2ltYWdlX3VybGdlbi5DMyJ9&amp;_nc_ohc=duTSy09cRrsQ7kNvwFbmZuP&amp;_nc_oc=AdpohY3vKSYgjaw8SaIUT00AH0swynJRhcqjHdESWM6ewYz75y6xJR1_8KHl6r80Eyc&amp;_nc_zt=23&amp;_nc_ht=scontent-cdg4-1.cdninstagram.com&amp;edm=ANo9K5cEAAAA&amp;_nc_gid=UNdfP3RZQt4cjaDd-ZNAWQ&amp;_nc_tpa=Q5bMBQFtAnajBlbEQHrKUAHu1kH5ePHCDUPz0z-DdeSsw2_N6a2q3vTtCwa6UY1oq3hWAfL67zU6uz9Xeg&amp;oh=00_Af1PKJjPyTRMfoGLOngZMeletPRHkVFrDmkoRUxPMfdKTg&amp;oe=69F7BA56&quot;,&quot;150&quot;:&quot;https:\\\/\\\/scontent-cdg4-1.cdninstagram.com\\\/v\\\/t51.82787-15\\\/622046489_18070106567386484_1662246384322719160_n.jpg?stp=dst-jpg_e35_tt6&amp;_nc_cat=110&amp;ccb=7-5&amp;_nc_sid=18de74&amp;efg=eyJlZmdfdGFnIjoiRkVFRC5iZXN0X2ltYWdlX3VybGdlbi5DMyJ9&amp;_nc_ohc=duTSy09cRrsQ7kNvwFbmZuP&amp;_nc_oc=AdpohY3vKSYgjaw8SaIUT00AH0swynJRhcqjHdESWM6ewYz75y6xJR1_8KHl6r80Eyc&amp;_nc_zt=23&amp;_nc_ht=scontent-cdg4-1.cdninstagram.com&amp;edm=ANo9K5cEAAAA&amp;_nc_gid=UNdfP3RZQt4cjaDd-ZNAWQ&amp;_nc_tpa=Q5bMBQFtAnajBlbEQHrKUAHu1kH5ePHCDUPz0z-DdeSsw2_N6a2q3vTtCwa6UY1oq3hWAfL67zU6uz9Xeg&amp;oh=00_Af1PKJjPyTRMfoGLOngZMeletPRHkVFrDmkoRUxPMfdKTg&amp;oe=69F7BA56&quot;,&quot;320&quot;:&quot;https:\\\/\\\/arcad-studio.com\\\/wp-content\\\/uploads\\\/sb-instagram-feed-images\\\/622046489_18070106567386484_1662246384322719160_nlow.webp&quot;,&quot;640&quot;:&quot;https:\\\/\\\/arcad-studio.com\\\/wp-content\\\/uploads\\\/sb-instagram-feed-images\\\/622046489_18070106567386484_1662246384322719160_nfull.webp&quot;}\">\n\t\t\t<span class=\"sbi-screenreader\">\u00c7a y est !\nL\u2019aventure peut commencer !\nLa structur<\/span>\n\t\t\t\t\t\t\t\t\t<img decoding=\"async\" src=\"https:\/\/arcad-studio.com\/wp-content\/plugins\/instagram-feed\/img\/placeholder.png\" alt=\"\u00c7a y est !\nL\u2019aventure peut commencer !\nLa structure est op\u00e9rationnelle, l\u2019architecte est inscrit et le bureau est inaugur\u00e9 ! Tout est permis \ud83d\ude43\" aria-hidden=\"true\">\n\t\t<\/a>\n\t<\/div>\n<\/div>\t<\/div>\n\n\t<div id=\"sbi_load\" >\n\n\t\n\t\t\t<span class=\"sbi_follow_btn sbi_custom\" >\n\t\t\t<a target=\"_blank\"\n\t\t\t\trel=\"nofollow noopener\"  href=\"https:\/\/www.instagram.com\/arcad_studio_\/\" style=\"background: rgb(158,24,37);\">\n\t\t\t\t<svg class=\"svg-inline--fa fa-instagram fa-w-14\" aria-hidden=\"true\" data-fa-processed=\"\" aria-label=\"Instagram\" data-prefix=\"fab\" data-icon=\"instagram\" role=\"img\" viewBox=\"0 0 448 512\">\n                    <path fill=\"currentColor\" d=\"M224.1 141c-63.6 0-114.9 51.3-114.9 114.9s51.3 114.9 114.9 114.9S339 319.5 339 255.9 287.7 141 224.1 141zm0 189.6c-41.1 0-74.7-33.5-74.7-74.7s33.5-74.7 74.7-74.7 74.7 33.5 74.7 74.7-33.6 74.7-74.7 74.7zm146.4-194.3c0 14.9-12 26.8-26.8 26.8-14.9 0-26.8-12-26.8-26.8s12-26.8 26.8-26.8 26.8 12 26.8 26.8zm76.1 27.2c-1.7-35.9-9.9-67.7-36.2-93.9-26.2-26.2-58-34.4-93.9-36.2-37-2.1-147.9-2.1-184.9 0-35.8 1.7-67.6 9.9-93.9 36.1s-34.4 58-36.2 93.9c-2.1 37-2.1 147.9 0 184.9 1.7 35.9 9.9 67.7 36.2 93.9s58 34.4 93.9 36.2c37 2.1 147.9 2.1 184.9 0 35.9-1.7 67.7-9.9 93.9-36.2 26.2-26.2 34.4-58 36.2-93.9 2.1-37 2.1-147.8 0-184.8zM398.8 388c-7.8 19.6-22.9 34.7-42.6 42.6-29.5 11.7-99.5 9-132.1 9s-102.7 2.6-132.1-9c-19.6-7.8-34.7-22.9-42.6-42.6-11.7-29.5-9-99.5-9-132.1s-2.6-102.7 9-132.1c7.8-19.6 22.9-34.7 42.6-42.6 29.5-11.7 99.5-9 132.1-9s102.7-2.6 132.1 9c19.6 7.8 34.7 22.9 42.6 42.6 11.7 29.5 9 99.5 9 132.1s2.7 102.7-9 132.1z\"><\/path>\n                <\/svg>\t\t\t\t<span>Nous suivre sur instagram<\/span>\n\t\t\t<\/a>\n\t\t<\/span>\n\t\n<\/div>\n\t\t<span class=\"sbi_resized_image_data\" data-feed-id=\"*1\"\n\t\t  data-resized=\"{&quot;18080678510055512&quot;:{&quot;id&quot;:&quot;561205895_1610575713238377_2272623525005462306_n&quot;,&quot;ratio&quot;:&quot;0.56&quot;,&quot;sizes&quot;:{&quot;full&quot;:640,&quot;low&quot;:320,&quot;thumb&quot;:150},&quot;extension&quot;:&quot;.webp&quot;},&quot;18063164131893778&quot;:{&quot;id&quot;:&quot;497732535_678109618183408_4239754856720319512_n&quot;,&quot;ratio&quot;:&quot;0.56&quot;,&quot;sizes&quot;:{&quot;full&quot;:640,&quot;low&quot;:320,&quot;thumb&quot;:150},&quot;extension&quot;:&quot;.webp&quot;},&quot;18121098130453921&quot;:{&quot;id&quot;:&quot;490190716_17914155246069940_4109306867790953730_n&quot;,&quot;ratio&quot;:&quot;0.97&quot;,&quot;sizes&quot;:{&quot;full&quot;:640,&quot;low&quot;:320,&quot;thumb&quot;:150},&quot;extension&quot;:&quot;.webp&quot;},&quot;18050371424507516&quot;:{&quot;id&quot;:&quot;469307537_17899903890069940_8267362195862129962_n&quot;,&quot;ratio&quot;:&quot;0.80&quot;,&quot;sizes&quot;:{&quot;full&quot;:640,&quot;low&quot;:320,&quot;thumb&quot;:150},&quot;extension&quot;:&quot;.webp&quot;},&quot;17998226591386484&quot;:{&quot;id&quot;:&quot;622046489_18070106567386484_1662246384322719160_n&quot;,&quot;ratio&quot;:&quot;1.00&quot;,&quot;sizes&quot;:{&quot;full&quot;:640,&quot;low&quot;:320,&quot;thumb&quot;:150},&quot;extension&quot;:&quot;.webp&quot;}}\">\n\t<\/span>\n\t<\/div>\n\n\t<style type=\"text\/css\">\n\t\t\t\t\t\t#sb_instagram .sbi_follow_btn a:hover,\n\t\t#sb_instagram .sbi_follow_btn a:focus {\n\t\t\toutline: none;\n\t\t\tbox-shadow: inset 0 0 10px 20px#000000;\n\t\t}\n\n\t\t\t<\/style>\n\t<\/div>\n\t\t\t\t\t\t<\/div>\n\t\t\t\t\t<\/div>\n\t\t\t\t<\/div>\n\t\t\t\t<\/div>\n\t\t","protected":false},"excerpt":{"rendered":"<p>Arcad Studio Sallanches News<\/p>\n","protected":false},"author":1,"featured_media":0,"parent":0,"menu_order":0,"comment_status":"closed","ping_status":"closed","template":"","meta":{"footnotes":""},"class_list":["post-1735","page","type-page","status-publish","hentry"],"aioseo_notices":[],"_links":{"self":[{"href":"https:\/\/arcad-studio.com\/en\/wp-json\/wp\/v2\/pages\/1735","targetHints":{"allow":["GET"]}}],"collection":[{"href":"https:\/\/arcad-studio.com\/en\/wp-json\/wp\/v2\/pages"}],"about":[{"href":"https:\/\/arcad-studio.com\/en\/wp-json\/wp\/v2\/types\/page"}],"author":[{"embeddable":true,"href":"https:\/\/arcad-studio.com\/en\/wp-json\/wp\/v2\/users\/1"}],"replies":[{"embeddable":true,"href":"https:\/\/arcad-studio.com\/en\/wp-json\/wp\/v2\/comments?post=1735"}],"version-history":[{"count":1,"href":"https:\/\/arcad-studio.com\/en\/wp-json\/wp\/v2\/pages\/1735\/revisions"}],"predecessor-version":[{"id":1740,"href":"https:\/\/arcad-studio.com\/en\/wp-json\/wp\/v2\/pages\/1735\/revisions\/1740"}],"wp:attachment":[{"href":"https:\/\/arcad-studio.com\/en\/wp-json\/wp\/v2\/media?parent=1735"}],"curies":[{"name":"wp","href":"https:\/\/api.w.org\/{rel}","templated":true}]}}